{"id":2,"date":"2016-12-18T12:27:36","date_gmt":"2016-12-18T12:27:36","guid":{"rendered":"http:\/\/pinuts.pt\/?page_id=2"},"modified":"2020-04-01T10:10:33","modified_gmt":"2020-04-01T10:10:33","slug":"about","status":"publish","type":"page","link":"https:\/\/pinuts.pt\/index.php\/about\/","title":{"rendered":"About"},"content":{"rendered":"<blockquote><p>&nbsp;<\/p>\n<p>&nbsp;<\/p>\n<p><span style=\"color: #000000; font-size: 14pt;\">A Pinuts Music Agency nasceu a 01 de abril de 2015 em Lisboa e o objetivo foi desde esse primeiro dia, trazer artistas nacionais e internacionais desconhecidos do p\u00fablico portugu\u00eas para o seu cat\u00e1logo.<\/span><\/p>\n<p>&nbsp;<\/p>\n<p><span style=\"color: #000000; font-size: 14pt;\">Centrando o seu cat\u00e1logo num primeiro momento em artistas a solo (na sua maioria cantautores), o espetro musical foi alargando at\u00e9 ao rock instrumental, \u00e0 eletr\u00f3nica e world music. <span class=\"_5yl5\">Desde h\u00e1 dois anos a esta parte, o cat\u00e1logo estabilizou numa nova vaga de compositores neocl\u00e1ssicos.<\/span><br \/>\n<\/span><\/p>\n<p>&nbsp;<\/p>\n<p><span style=\"color: #000000; font-size: 14pt;\">Mas, n\u00e3o foi poss\u00edvel resistir \u00e0 possibilidade de trazer a Portugal nomes j\u00e1 consagrados da m\u00fasica norte americana como o Micah P Hinson ou, o Damien Jurado.<\/span><\/p>\n<p>&nbsp;<\/p>\n<p><span style=\"color: #000000; font-size: 14pt;\">Para 2020, estamos a preparar novos segmentos da Pinuts Music Agency como a edi\u00e7\u00e3o f\u00edsica e digital de conte\u00fado \u00e1udio e o Publishing.<\/span><\/p><\/blockquote>\n","protected":false},"excerpt":{"rendered":"<p>&nbsp; &nbsp; A Pinuts Music Agency nasceu a 01 de abril de 2015 em Lisboa e o objetivo foi desde esse primeiro dia, trazer artistas nacionais e internacionais desconhecidos do p\u00fablico portugu\u00eas para o seu cat\u00e1logo. &nbsp; Centrando o seu [&hellip;]<\/p>\n","protected":false},"author":1,"featured_media":0,"parent":0,"menu_order":5,"comment_status":"closed","ping_status":"open","template":"","meta":{"_monsterinsights_skip_tracking":false,"_monsterinsights_sitenote_active":false,"_monsterinsights_sitenote_note":"","_monsterinsights_sitenote_category":0,"footnotes":""},"class_list":["post-2","page","type-page","status-publish","hentry"],"yoast_head":"<!-- This site is optimized with the Yoast SEO plugin v24.3 - https:\/\/yoast.com\/wordpress\/plugins\/seo\/ -->\n<title>About - Pinuts Music Agency<\/title>\n<meta name=\"robots\" content=\"index, follow, max-snippet:-1, max-image-preview:large, max-video-preview:-1\" \/>\n<link rel=\"canonical\" href=\"https:\/\/pinuts.pt\/index.php\/about\/\" \/>\n<meta property=\"og:locale\" content=\"en_US\" \/>\n<meta property=\"og:type\" content=\"article\" \/>\n<meta property=\"og:title\" content=\"About - Pinuts Music Agency\" \/>\n<meta property=\"og:description\" content=\"&nbsp; &nbsp; A Pinuts Music Agency nasceu a 01 de abril de 2015 em Lisboa e o objetivo foi desde esse primeiro dia, trazer artistas nacionais e internacionais desconhecidos do p\u00fablico portugu\u00eas para o seu cat\u00e1logo. &nbsp; Centrando o seu [&hellip;]\" \/>\n<meta property=\"og:url\" content=\"https:\/\/pinuts.pt\/index.php\/about\/\" \/>\n<meta property=\"og:site_name\" content=\"Pinuts Music Agency\" \/>\n<meta property=\"article:modified_time\" content=\"2020-04-01T10:10:33+00:00\" \/>\n<meta name=\"twitter:card\" content=\"summary_large_image\" \/>\n<meta name=\"twitter:label1\" content=\"Est. reading time\" \/>\n\t<meta name=\"twitter:data1\" content=\"1 minute\" \/>\n<script type=\"application\/ld+json\" class=\"yoast-schema-graph\">{\"@context\":\"https:\/\/schema.org\",\"@graph\":[{\"@type\":\"WebPage\",\"@id\":\"https:\/\/pinuts.pt\/index.php\/about\/\",\"url\":\"https:\/\/pinuts.pt\/index.php\/about\/\",\"name\":\"About - Pinuts Music Agency\",\"isPartOf\":{\"@id\":\"https:\/\/pinuts.pt\/#website\"},\"datePublished\":\"2016-12-18T12:27:36+00:00\",\"dateModified\":\"2020-04-01T10:10:33+00:00\",\"breadcrumb\":{\"@id\":\"https:\/\/pinuts.pt\/index.php\/about\/#breadcrumb\"},\"inLanguage\":\"en-US\",\"potentialAction\":[{\"@type\":\"ReadAction\",\"target\":[\"https:\/\/pinuts.pt\/index.php\/about\/\"]}]},{\"@type\":\"BreadcrumbList\",\"@id\":\"https:\/\/pinuts.pt\/index.php\/about\/#breadcrumb\",\"itemListElement\":[{\"@type\":\"ListItem\",\"position\":1,\"name\":\"Home\",\"item\":\"https:\/\/pinuts.pt\/\"},{\"@type\":\"ListItem\",\"position\":2,\"name\":\"About\"}]},{\"@type\":\"WebSite\",\"@id\":\"https:\/\/pinuts.pt\/#website\",\"url\":\"https:\/\/pinuts.pt\/\",\"name\":\"Pinuts Music Agency\",\"description\":\"\\n\",\"potentialAction\":[{\"@type\":\"SearchAction\",\"target\":{\"@type\":\"EntryPoint\",\"urlTemplate\":\"https:\/\/pinuts.pt\/?s={search_term_string}\"},\"query-input\":{\"@type\":\"PropertyValueSpecification\",\"valueRequired\":true,\"valueName\":\"search_term_string\"}}],\"inLanguage\":\"en-US\"}]}<\/script>\n<!-- \/ Yoast SEO plugin. -->","yoast_head_json":{"title":"About - Pinuts Music Agency","robots":{"index":"index","follow":"follow","max-snippet":"max-snippet:-1","max-image-preview":"max-image-preview:large","max-video-preview":"max-video-preview:-1"},"canonical":"https:\/\/pinuts.pt\/index.php\/about\/","og_locale":"en_US","og_type":"article","og_title":"About - Pinuts Music Agency","og_description":"&nbsp; &nbsp; A Pinuts Music Agency nasceu a 01 de abril de 2015 em Lisboa e o objetivo foi desde esse primeiro dia, trazer artistas nacionais e internacionais desconhecidos do p\u00fablico portugu\u00eas para o seu cat\u00e1logo. &nbsp; Centrando o seu [&hellip;]","og_url":"https:\/\/pinuts.pt\/index.php\/about\/","og_site_name":"Pinuts Music Agency","article_modified_time":"2020-04-01T10:10:33+00:00","twitter_card":"summary_large_image","twitter_misc":{"Est. reading time":"1 minute"},"schema":{"@context":"https:\/\/schema.org","@graph":[{"@type":"WebPage","@id":"https:\/\/pinuts.pt\/index.php\/about\/","url":"https:\/\/pinuts.pt\/index.php\/about\/","name":"About - Pinuts Music Agency","isPartOf":{"@id":"https:\/\/pinuts.pt\/#website"},"datePublished":"2016-12-18T12:27:36+00:00","dateModified":"2020-04-01T10:10:33+00:00","breadcrumb":{"@id":"https:\/\/pinuts.pt\/index.php\/about\/#breadcrumb"},"inLanguage":"en-US","potentialAction":[{"@type":"ReadAction","target":["https:\/\/pinuts.pt\/index.php\/about\/"]}]},{"@type":"BreadcrumbList","@id":"https:\/\/pinuts.pt\/index.php\/about\/#breadcrumb","itemListElement":[{"@type":"ListItem","position":1,"name":"Home","item":"https:\/\/pinuts.pt\/"},{"@type":"ListItem","position":2,"name":"About"}]},{"@type":"WebSite","@id":"https:\/\/pinuts.pt\/#website","url":"https:\/\/pinuts.pt\/","name":"Pinuts Music Agency","description":"\n","potentialAction":[{"@type":"SearchAction","target":{"@type":"EntryPoint","urlTemplate":"https:\/\/pinuts.pt\/?s={search_term_string}"},"query-input":{"@type":"PropertyValueSpecification","valueRequired":true,"valueName":"search_term_string"}}],"inLanguage":"en-US"}]}},"_links":{"self":[{"href":"https:\/\/pinuts.pt\/index.php\/wp-json\/wp\/v2\/pages\/2"}],"collection":[{"href":"https:\/\/pinuts.pt\/index.php\/wp-json\/wp\/v2\/pages"}],"about":[{"href":"https:\/\/pinuts.pt\/index.php\/wp-json\/wp\/v2\/types\/page"}],"author":[{"embeddable":true,"href":"https:\/\/pinuts.pt\/index.php\/wp-json\/wp\/v2\/users\/1"}],"replies":[{"embeddable":true,"href":"https:\/\/pinuts.pt\/index.php\/wp-json\/wp\/v2\/comments?post=2"}],"version-history":[{"count":0,"href":"https:\/\/pinuts.pt\/index.php\/wp-json\/wp\/v2\/pages\/2\/revisions"}],"wp:attachment":[{"href":"https:\/\/pinuts.pt\/index.php\/wp-json\/wp\/v2\/media?parent=2"}],"curies":[{"name":"wp","href":"https:\/\/api.w.org\/{rel}","templated":true}]}}